{"id":690,"date":"2024-07-18T00:04:17","date_gmt":"2024-07-18T00:04:17","guid":{"rendered":"https:\/\/inclusion.iscte-iul.pt\/?page_id=690"},"modified":"2024-08-10T09:16:49","modified_gmt":"2024-08-10T09:16:49","slug":"podcast","status":"publish","type":"page","link":"https:\/\/inclusion.iscte-iul.pt\/tr\/podcast\/","title":{"rendered":"Podcast"},"content":{"rendered":"<div data-elementor-type=\"wp-page\" data-elementor-id=\"690\" class=\"elementor elementor-690\">\n\t\t\t\t<div class=\"elementor-element elementor-element-5d76300 e-flex e-con-boxed e-con e-parent\" data-id=\"5d76300\" data-element_type=\"container\" data-settings=\"{&quot;background_background&quot;:&quot;classic&quot;}\">\n\t\t\t\t\t<div class=\"e-con-inner\">\n\t\t\t\t\t<\/div>\n\t\t\t\t<\/div>\n\t\t<div class=\"elementor-element elementor-element-946af0c e-flex e-con-boxed e-con e-parent\" data-id=\"946af0c\" data-element_type=\"container\">\n\t\t\t\t\t<div class=\"e-con-inner\">\n\t\t\t\t<div class=\"elementor-element elementor-element-fc51429 elementor-widget elementor-widget-spacer\" data-id=\"fc51429\" data-element_type=\"widget\" data-widget_type=\"spacer.default\">\n\t\t\t\t<div class=\"elementor-widget-container\">\n\t\t\t\t\t\t\t<div class=\"elementor-spacer\">\n\t\t\t<div class=\"elementor-spacer-inner\"><\/div>\n\t\t<\/div>\n\t\t\t\t\t\t<\/div>\n\t\t\t\t<\/div>\n\t\t\t\t<div class=\"elementor-element elementor-element-6666394 elementor-widget elementor-widget-text-editor\" data-id=\"6666394\" data-element_type=\"widget\" data-widget_type=\"text-editor.default\">\n\t\t\t\t<div class=\"elementor-widget-container\">\n\t\t\t\t\t\t\t\t\t<h1>Podcast<\/h1>\t\t\t\t\t\t\t\t<\/div>\n\t\t\t\t<\/div>\n\t\t\t\t<div class=\"elementor-element elementor-element-6555788 elementor-widget elementor-widget-spacer\" data-id=\"6555788\" data-element_type=\"widget\" data-widget_type=\"spacer.default\">\n\t\t\t\t<div class=\"elementor-widget-container\">\n\t\t\t\t\t\t\t<div class=\"elementor-spacer\">\n\t\t\t<div class=\"elementor-spacer-inner\"><\/div>\n\t\t<\/div>\n\t\t\t\t\t\t<\/div>\n\t\t\t\t<\/div>\n\t\t<div class=\"elementor-element elementor-element-cced152 e-con-full e-flex e-con e-child\" data-id=\"cced152\" data-element_type=\"container\">\n\t\t\t\t<div class=\"elementor-element elementor-element-3763f8e light-green-heading elementor-widget elementor-widget-text-editor\" data-id=\"3763f8e\" data-element_type=\"widget\" data-widget_type=\"text-editor.default\">\n\t\t\t\t<div class=\"elementor-widget-container\">\n\t\t\t\t\t\t\t\t\t<h1>Yak\u0131nda<\/h1>\t\t\t\t\t\t\t\t<\/div>\n\t\t\t\t<\/div>\n\t\t\t\t<div class=\"elementor-element elementor-element-518c913 elementor-widget elementor-widget-text-editor\" data-id=\"518c913\" data-element_type=\"widget\" data-widget_type=\"text-editor.default\">\n\t\t\t\t<div class=\"elementor-widget-container\">\n\t\t\t\t\t\t\t\t\t<p><span style=\"white-space-collapse: preserve;\">Aral\u0131k 2026<\/span><\/p><p><span style=\"white-space-collapse: preserve; color: var( --e-global-color-text ); font-family: var( --e-global-typography-text-font-family ); font-size: var( --e-global-typography-text-font-size ); font-weight: var( --e-global-typography-text-font-weight ); text-align: var(--text-align);\">\u201cDaha fazla kapsay\u0131c\u0131l\u0131k, daha fazla \u00f6\u011frenci, daha fazla Erasmus+\u201d Podcast'i Inclusion+ projesinin bir par\u00e7as\u0131d\u0131r. Podcast ile \u00f6\u011frenciler, y\u00fcksek\u00f6\u011fretim kurumlar\u0131 ve \u015fehirler aras\u0131nda, uluslararas\u0131 hareketlilik programlar\u0131na daha az imk\u00e2na sahip \u00f6\u011frencilerin, \u00f6zellikle de engelli veya bak\u0131m sorumluluklar\u0131 olan \u00f6\u011frencilerin d\u00e2hil edilmesi konusunda diyalo\u011fu te\u015fvik etmek ama\u00e7lanmaktad\u0131r.  Podcastimiz, uluslararas\u0131 \u00f6\u011frenci hareketlili\u011finde kapsay\u0131c\u0131l\u0131\u011f\u0131n \u00e7e\u015fitli y\u00f6nlerini tart\u0131\u015fan alt\u0131 b\u00f6l\u00fcmden olu\u015facakt\u0131r. Podcast serisi kapsam\u0131nda Erasmus+ hareketliliklerine kat\u0131l\u0131mlar\u0131na bak\u0131lmaks\u0131z\u0131n, hem engelli \u00f6\u011frencileri hem de bak\u0131m sorumluluklar\u0131 olan \u00f6\u011frencileri, \u00f6\u011frenci hareketlili\u011finde kapsay\u0131c\u0131l\u0131k konusundaki g\u00f6r\u00fc\u015flerini ve deneyimlerini payla\u015fmaya davet edece\u011fiz. Ayr\u0131ca, Erasmus+ program\u0131 kapsam\u0131nda kapsay\u0131c\u0131l\u0131\u011f\u0131 te\u015fvik etmeye y\u00f6nelik zorluklar\u0131 ve f\u0131rsatlar\u0131 ke\u015ffetmek i\u00e7in uygulay\u0131c\u0131larla etkile\u015fim kuraca\u011f\u0131z. Seri boyunca, proje s\u0131ras\u0131nda geli\u015ftirilen bulgular\u0131m\u0131z\u0131 ve \u00f6nerilerimizi de payla\u015faca\u011f\u0131z.<\/span><\/p>\t\t\t\t\t\t\t\t<\/div>\n\t\t\t\t<\/div>\n\t\t\t\t<\/div>\n\t\t\t\t<div class=\"elementor-element elementor-element-3e25786 elementor-widget elementor-widget-spacer\" data-id=\"3e25786\" data-element_type=\"widget\" data-widget_type=\"spacer.default\">\n\t\t\t\t<div class=\"elementor-widget-container\">\n\t\t\t\t\t\t\t<div class=\"elementor-spacer\">\n\t\t\t<div class=\"elementor-spacer-inner\"><\/div>\n\t\t<\/div>\n\t\t\t\t\t\t<\/div>\n\t\t\t\t<\/div>\n\t\t\t\t\t<\/div>\n\t\t\t\t<\/div>\n\t\t\t\t<\/div>","protected":false},"excerpt":{"rendered":"<p>Podcast Coming Soon December 2026 The \u201cMore inclusivity, more students, More Erasmus+\u201d Podcast is part of the Inclusion+ project. It aims to foster dialogue with students, higher education institutions, and cities on the topic of including students with fewer opportunities\u2014specifically, students with disabilities or those with caregiving responsibilities\u2014in international mobility programs.\u00a0 Our podcast will feature [&hellip;]<\/p>","protected":false},"author":1,"featured_media":0,"parent":0,"menu_order":0,"comment_status":"closed","ping_status":"closed","template":"","meta":{"_monsterinsights_skip_tracking":false,"_monsterinsights_sitenote_active":false,"_monsterinsights_sitenote_note":"","_monsterinsights_sitenote_category":0,"footnotes":""},"class_list":["post-690","page","type-page","status-publish","hentry"],"yoast_head":"<!-- This site is optimized with the Yoast SEO plugin v25.0 - https:\/\/yoast.com\/wordpress\/plugins\/seo\/ -->\n<title>Podcast - Inclusion+<\/title>\n<meta name=\"robots\" content=\"noindex, follow, max-snippet:-1, max-image-preview:large, max-video-preview:-1\" \/>\n<meta property=\"og:locale\" content=\"tr_TR\" \/>\n<meta property=\"og:type\" content=\"article\" \/>\n<meta property=\"og:title\" content=\"Podcast - Inclusion+\" \/>\n<meta property=\"og:description\" content=\"Podcast Coming Soon December 2026 The \u201cMore inclusivity, more students, More Erasmus+\u201d Podcast is part of the Inclusion+ project. It aims to foster dialogue with students, higher education institutions, and cities on the topic of including students with fewer opportunities\u2014specifically, students with disabilities or those with caregiving responsibilities\u2014in international mobility programs.\u00a0 Our podcast will feature [&hellip;]\" \/>\n<meta property=\"og:url\" content=\"https:\/\/inclusion.iscte-iul.pt\/tr\/podcast\/\" \/>\n<meta property=\"og:site_name\" content=\"Inclusion+\" \/>\n<meta property=\"article:modified_time\" content=\"2024-08-10T09:16:49+00:00\" \/>\n<meta name=\"twitter:card\" content=\"summary_large_image\" \/>\n<meta name=\"twitter:label1\" content=\"Tahmini okuma s\u00fcresi\" \/>\n\t<meta name=\"twitter:data1\" content=\"1 dakika\" \/>\n<script type=\"application\/ld+json\" class=\"yoast-schema-graph\">{\"@context\":\"https:\/\/schema.org\",\"@graph\":[{\"@type\":\"WebPage\",\"@id\":\"https:\/\/inclusion.iscte-iul.pt\/podcast\/\",\"url\":\"https:\/\/inclusion.iscte-iul.pt\/podcast\/\",\"name\":\"Podcast - Inclusion+\",\"isPartOf\":{\"@id\":\"https:\/\/inclusion.iscte-iul.pt\/#website\"},\"datePublished\":\"2024-07-18T00:04:17+00:00\",\"dateModified\":\"2024-08-10T09:16:49+00:00\",\"breadcrumb\":{\"@id\":\"https:\/\/inclusion.iscte-iul.pt\/podcast\/#breadcrumb\"},\"inLanguage\":\"tr\",\"potentialAction\":[{\"@type\":\"ReadAction\",\"target\":[\"https:\/\/inclusion.iscte-iul.pt\/podcast\/\"]}]},{\"@type\":\"BreadcrumbList\",\"@id\":\"https:\/\/inclusion.iscte-iul.pt\/podcast\/#breadcrumb\",\"itemListElement\":[{\"@type\":\"ListItem\",\"position\":1,\"name\":\"Home\",\"item\":\"https:\/\/inclusion.iscte-iul.pt\/\"},{\"@type\":\"ListItem\",\"position\":2,\"name\":\"Podcast\"}]},{\"@type\":\"WebSite\",\"@id\":\"https:\/\/inclusion.iscte-iul.pt\/#website\",\"url\":\"https:\/\/inclusion.iscte-iul.pt\/\",\"name\":\"Inclusion+\",\"description\":\"\",\"publisher\":{\"@id\":\"https:\/\/inclusion.iscte-iul.pt\/#organization\"},\"potentialAction\":[{\"@type\":\"SearchAction\",\"target\":{\"@type\":\"EntryPoint\",\"urlTemplate\":\"https:\/\/inclusion.iscte-iul.pt\/?s={search_term_string}\"},\"query-input\":{\"@type\":\"PropertyValueSpecification\",\"valueRequired\":true,\"valueName\":\"search_term_string\"}}],\"inLanguage\":\"tr\"},{\"@type\":\"Organization\",\"@id\":\"https:\/\/inclusion.iscte-iul.pt\/#organization\",\"name\":\"Inclusion+\",\"url\":\"https:\/\/inclusion.iscte-iul.pt\/\",\"logo\":{\"@type\":\"ImageObject\",\"inLanguage\":\"tr\",\"@id\":\"https:\/\/inclusion.iscte-iul.pt\/#\/schema\/logo\/image\/\",\"url\":\"https:\/\/inclusion.iscte-iul.pt\/wp-content\/uploads\/2024\/07\/cropped-Asset-4-1.png\",\"contentUrl\":\"https:\/\/inclusion.iscte-iul.pt\/wp-content\/uploads\/2024\/07\/cropped-Asset-4-1.png\",\"width\":196,\"height\":37,\"caption\":\"Inclusion+\"},\"image\":{\"@id\":\"https:\/\/inclusion.iscte-iul.pt\/#\/schema\/logo\/image\/\"}}]}<\/script>\n<!-- \/ Yoast SEO plugin. -->","yoast_head_json":{"title":"Podcast - Inclusion+","robots":{"index":"noindex","follow":"follow","max-snippet":"max-snippet:-1","max-image-preview":"max-image-preview:large","max-video-preview":"max-video-preview:-1"},"og_locale":"tr_TR","og_type":"article","og_title":"Podcast - Inclusion+","og_description":"Podcast Coming Soon December 2026 The \u201cMore inclusivity, more students, More Erasmus+\u201d Podcast is part of the Inclusion+ project. It aims to foster dialogue with students, higher education institutions, and cities on the topic of including students with fewer opportunities\u2014specifically, students with disabilities or those with caregiving responsibilities\u2014in international mobility programs.\u00a0 Our podcast will feature [&hellip;]","og_url":"https:\/\/inclusion.iscte-iul.pt\/tr\/podcast\/","og_site_name":"Inclusion+","article_modified_time":"2024-08-10T09:16:49+00:00","twitter_card":"summary_large_image","twitter_misc":{"Tahmini okuma s\u00fcresi":"1 dakika"},"schema":{"@context":"https:\/\/schema.org","@graph":[{"@type":"WebPage","@id":"https:\/\/inclusion.iscte-iul.pt\/podcast\/","url":"https:\/\/inclusion.iscte-iul.pt\/podcast\/","name":"Podcast - Inclusion+","isPartOf":{"@id":"https:\/\/inclusion.iscte-iul.pt\/#website"},"datePublished":"2024-07-18T00:04:17+00:00","dateModified":"2024-08-10T09:16:49+00:00","breadcrumb":{"@id":"https:\/\/inclusion.iscte-iul.pt\/podcast\/#breadcrumb"},"inLanguage":"tr","potentialAction":[{"@type":"ReadAction","target":["https:\/\/inclusion.iscte-iul.pt\/podcast\/"]}]},{"@type":"BreadcrumbList","@id":"https:\/\/inclusion.iscte-iul.pt\/podcast\/#breadcrumb","itemListElement":[{"@type":"ListItem","position":1,"name":"Home","item":"https:\/\/inclusion.iscte-iul.pt\/"},{"@type":"ListItem","position":2,"name":"Podcast"}]},{"@type":"WebSite","@id":"https:\/\/inclusion.iscte-iul.pt\/#website","url":"https:\/\/inclusion.iscte-iul.pt\/","name":"Inclusion+","description":"","publisher":{"@id":"https:\/\/inclusion.iscte-iul.pt\/#organization"},"potentialAction":[{"@type":"SearchAction","target":{"@type":"EntryPoint","urlTemplate":"https:\/\/inclusion.iscte-iul.pt\/?s={search_term_string}"},"query-input":{"@type":"PropertyValueSpecification","valueRequired":true,"valueName":"search_term_string"}}],"inLanguage":"tr"},{"@type":"Organization","@id":"https:\/\/inclusion.iscte-iul.pt\/#organization","name":"Inclusion+","url":"https:\/\/inclusion.iscte-iul.pt\/","logo":{"@type":"ImageObject","inLanguage":"tr","@id":"https:\/\/inclusion.iscte-iul.pt\/#\/schema\/logo\/image\/","url":"https:\/\/inclusion.iscte-iul.pt\/wp-content\/uploads\/2024\/07\/cropped-Asset-4-1.png","contentUrl":"https:\/\/inclusion.iscte-iul.pt\/wp-content\/uploads\/2024\/07\/cropped-Asset-4-1.png","width":196,"height":37,"caption":"Inclusion+"},"image":{"@id":"https:\/\/inclusion.iscte-iul.pt\/#\/schema\/logo\/image\/"}}]}},"_links":{"self":[{"href":"https:\/\/inclusion.iscte-iul.pt\/tr\/wp-json\/wp\/v2\/pages\/690","targetHints":{"allow":["GET"]}}],"collection":[{"href":"https:\/\/inclusion.iscte-iul.pt\/tr\/wp-json\/wp\/v2\/pages"}],"about":[{"href":"https:\/\/inclusion.iscte-iul.pt\/tr\/wp-json\/wp\/v2\/types\/page"}],"author":[{"embeddable":true,"href":"https:\/\/inclusion.iscte-iul.pt\/tr\/wp-json\/wp\/v2\/users\/1"}],"replies":[{"embeddable":true,"href":"https:\/\/inclusion.iscte-iul.pt\/tr\/wp-json\/wp\/v2\/comments?post=690"}],"version-history":[{"count":22,"href":"https:\/\/inclusion.iscte-iul.pt\/tr\/wp-json\/wp\/v2\/pages\/690\/revisions"}],"predecessor-version":[{"id":969,"href":"https:\/\/inclusion.iscte-iul.pt\/tr\/wp-json\/wp\/v2\/pages\/690\/revisions\/969"}],"wp:attachment":[{"href":"https:\/\/inclusion.iscte-iul.pt\/tr\/wp-json\/wp\/v2\/media?parent=690"}],"curies":[{"name":"wp","href":"https:\/\/api.w.org\/{rel}","templated":true}]}}