{"id":648,"date":"2024-07-17T23:12:29","date_gmt":"2024-07-17T23:12:29","guid":{"rendered":"https:\/\/inclusion.iscte-iul.pt\/?page_id=648"},"modified":"2026-02-23T16:58:33","modified_gmt":"2026-02-23T16:58:33","slug":"outputs","status":"publish","type":"page","link":"https:\/\/inclusion.iscte-iul.pt\/tr\/outputs\/","title":{"rendered":"\u00c7\u0131kt\u0131lar"},"content":{"rendered":"<div data-elementor-type=\"wp-page\" data-elementor-id=\"648\" class=\"elementor elementor-648\">\n\t\t\t\t<div class=\"elementor-element elementor-element-ed5dac3 e-flex e-con-boxed e-con e-parent\" data-id=\"ed5dac3\" data-element_type=\"container\">\n\t\t\t\t\t<div class=\"e-con-inner\">\n\t\t<div class=\"elementor-element elementor-element-63e5049 e-con-full e-flex e-con e-child\" data-id=\"63e5049\" data-element_type=\"container\">\n\t\t\t\t<div class=\"elementor-element elementor-element-5fa2d6d elementor-widget elementor-widget-image\" data-id=\"5fa2d6d\" data-element_type=\"widget\" data-widget_type=\"image.default\">\n\t\t\t\t<div class=\"elementor-widget-container\">\n\t\t\t\t\t\t\t\t\t\t\t\t\t\t\t<img fetchpriority=\"high\" decoding=\"async\" width=\"626\" height=\"600\" src=\"https:\/\/inclusion.iscte-iul.pt\/wp-content\/uploads\/2024\/08\/Group-77-1.png\" class=\"attachment-large size-large wp-image-717\" alt=\"outputs\" srcset=\"https:\/\/inclusion.iscte-iul.pt\/wp-content\/uploads\/2024\/08\/Group-77-1.png 626w, https:\/\/inclusion.iscte-iul.pt\/wp-content\/uploads\/2024\/08\/Group-77-1-300x288.png 300w, https:\/\/inclusion.iscte-iul.pt\/wp-content\/uploads\/2024\/08\/Group-77-1-13x12.png 13w\" sizes=\"(max-width: 626px) 100vw, 626px\" \/>\t\t\t\t\t\t\t\t\t\t\t\t\t\t\t<\/div>\n\t\t\t\t<\/div>\n\t\t\t\t<\/div>\n\t\t<div class=\"elementor-element elementor-element-170edbc e-con-full e-flex e-con e-child\" data-id=\"170edbc\" data-element_type=\"container\">\n\t\t\t\t<div class=\"elementor-element elementor-element-836750a elementor-widget elementor-widget-text-editor\" data-id=\"836750a\" data-element_type=\"widget\" data-widget_type=\"text-editor.default\">\n\t\t\t\t<div class=\"elementor-widget-container\">\n\t\t\t\t\t\t\t\t\t<h1><span style=\"white-space-collapse: preserve;\">\u00c7\u0131kt\u0131lar<\/span><\/h1><p><span style=\"white-space-collapse: preserve;\">Inclusion+, yurtd\u0131\u015f\u0131nda e\u011fitim deneyiminde kapsay\u0131c\u0131l\u0131\u011f\u0131 ve \u00e7e\u015fitlili\u011fi art\u0131rmak i\u00e7in y\u00fcksek\u00f6\u011fretim kurumlar\u0131 ve ev sahibi \u015fehirler taraf\u0131ndan kullan\u0131lacak de\u011fi\u015fim yaratma ara\u00e7lar\u0131n\u0131 olu\u015fturmak \u00fczere uluslararas\u0131 \u00f6\u011frenci hareketlili\u011fi alan\u0131ndaki \u00f6\u011frencileri, belediye akt\u00f6rlerini ve uygulay\u0131c\u0131lar\u0131 i\u00e7eren bir dizi etkinlik geli\u015ftirmeyi ama\u00e7lamaktad\u0131r. T\u00fcm \u00e7\u0131kt\u0131lar bu web sitesinden indirilebilecektir.<\/span><\/p>\t\t\t\t\t\t\t\t<\/div>\n\t\t\t\t<\/div>\n\t\t\t\t<\/div>\n\t\t\t\t\t<\/div>\n\t\t\t\t<\/div>\n\t\t<div class=\"elementor-element elementor-element-7ff1968 e-flex e-con-boxed e-con e-parent\" data-id=\"7ff1968\" data-element_type=\"container\">\n\t\t\t\t\t<div class=\"e-con-inner\">\n\t\t\t\t<div class=\"elementor-element elementor-element-75c0fa8 elementor-widget elementor-widget-spacer\" data-id=\"75c0fa8\" data-element_type=\"widget\" data-widget_type=\"spacer.default\">\n\t\t\t\t<div class=\"elementor-widget-container\">\n\t\t\t\t\t\t\t<div class=\"elementor-spacer\">\n\t\t\t<div class=\"elementor-spacer-inner\"><\/div>\n\t\t<\/div>\n\t\t\t\t\t\t<\/div>\n\t\t\t\t<\/div>\n\t\t\t\t<div class=\"elementor-element elementor-element-6e19cef elementor-widget elementor-widget-spacer\" data-id=\"6e19cef\" data-element_type=\"widget\" data-widget_type=\"spacer.default\">\n\t\t\t\t<div class=\"elementor-widget-container\">\n\t\t\t\t\t\t\t<div class=\"elementor-spacer\">\n\t\t\t<div class=\"elementor-spacer-inner\"><\/div>\n\t\t<\/div>\n\t\t\t\t\t\t<\/div>\n\t\t\t\t<\/div>\n\t\t<div class=\"elementor-element elementor-element-9d4d908 e-con-full e-flex e-con e-child\" data-id=\"9d4d908\" data-element_type=\"container\">\n\t\t\t\t<div class=\"elementor-element elementor-element-fe5cc29 elementor-widget elementor-widget-text-editor\" data-id=\"fe5cc29\" data-element_type=\"widget\" data-widget_type=\"text-editor.default\">\n\t\t\t\t<div class=\"elementor-widget-container\">\n\t\t\t\t\t\t\t\t\t<p><strong style=\"color: var( --e-global-color-text ); font-family: var( --e-global-typography-text-font-family ); font-size: var( --e-global-typography-text-font-size ); text-align: var(--text-align);\">Hik\u00e2ye Anlat\u0131m\u0131 Raporu<\/strong><span style=\"color: var( --e-global-color-text ); font-family: var( --e-global-typography-text-font-family ); font-size: var( --e-global-typography-text-font-size ); font-weight: var( --e-global-typography-text-font-weight ); text-align: var(--text-align);\"> | Kas\u0131m 2024<\/span><\/p><p>\u201cErasmus+ hareketliliklerine kat\u0131l\u0131m\u0131n \u00f6n\u00fcndeki engeller: Bu \u00f6\u011frenciler kimler ve ihtiya\u00e7lar\u0131 neler?\u201d<\/p><p>International student mobility often overlooks the nuanced challenges faced by students with caring responsibilities and those with disabilities. Our storytelling report highlights why these students must be given focused attention when shaping inclusive mobility policies and practices. You can access it by clicking <a href=\"\/wp-content\/uploads\/2025\/05\/WP2.StorytellingFinal_D.2.1_compressed.pdf\" target=\"_blank\" rel=\"noopener\">here<\/a>.<\/p><p><strong><span style=\"color: var( --e-global-color-text ); font-family: var( --e-global-typography-text-font-family ); font-size: var( --e-global-typography-text-font-size ); text-align: var(--text-align);\">Gelecek Vaat Eden Uygulamalar\u0131n \u00c7evrim \u0130\u00e7i Envanteri<\/span><\/strong><span style=\"color: var( --e-global-color-text ); font-family: var( --e-global-typography-text-font-family ); font-size: var( --e-global-typography-text-font-size ); font-weight: var( --e-global-typography-text-font-weight ); text-align: var(--text-align);\"> \u00a0| Aral\u0131k 2024<\/span><\/p><p>While the inclusion of students with caring responsibilities and disabilities in mobility programmes remains limited, some higher education institutions have implemented inspiring practices that show real potential. This inventory showcases innovative, replicable approaches that can guide others in making international mobility more inclusive. You can access it by clicking <a href=\"\/wp-content\/uploads\/2025\/04\/InclusionProject_OnlineInventory.pdf\" target=\"_blank\" rel=\"noopener\">here<\/a>.<\/p><p><b>\u0130\u015f Birli\u011fine Dayal\u0131 Laboratuvarlar\u0131n Y\u00fcr\u00fct\u00fclmesine \u0130li\u015fkin Yap\u0131land\u0131r\u0131lm\u0131\u015f K\u0131lavuzlar<\/b> | Aral\u0131k 2025<\/p><p>They will serve as a blueprint for running collaborative laboratories (Collabs), incorporating lessons learned during our project and providing detailed instructions on establishing and managing collabs effectively. The guidelines will be designed to be accessible to stakeholders interested in adopting\u00a0 collaborative methods. You can access it by clicking\u00a0<a style=\"background-color: #ffffff;\" href=\"https:\/\/inclusion.iscte-iul.pt\/wp-content\/uploads\/2026\/02\/WP3.MasterCollabGuidelines_D1_compressed.pdf\" target=\"_blank\" rel=\"noopener\">here<\/a>.<\/p><p><b>Master Collaborative Laboratory Synthesis Report<\/b>\u00a0| Aral\u0131k 2025<\/p><p>It brings together ideas and concrete recommendations from a transnational lab with students, universities, NGOs, and policymakers, focused on making international mobility more inclusive for students with disabilities and caring responsibilities. You can access it by clicking <a href=\"https:\/\/inclusion.iscte-iul.pt\/wp-content\/uploads\/2026\/02\/WP3.MasterCollabSynthersisReport_D2-compressed.pdf\" target=\"_blank\" rel=\"noopener\">here<\/a>.<\/p><p><b>Hareketlilik Aplikasyonu Prototipi<\/b> \u00a0| Mart 2026<\/p><p>Kullan\u0131c\u0131 odakl\u0131 tasar\u0131m y\u00f6ntemlerini izleyen tam te\u015fekk\u00fcll\u00fc Inclusion+ hareketlilik aplikasyonu prototipi, engelli uluslararas\u0131 \u00f6\u011frencilerin evsahibi \u015fehirlerinde daha kolay gezinmelerine yard\u0131mc\u0131 olacak bir uygulaman\u0131n temelini olu\u015fturacak. Ayr\u0131ca, Erasmus+'\u0131n kapsay\u0131c\u0131l\u0131\u011f\u0131n\u0131 geli\u015ftirmeye y\u00f6nelik gelecekteki giri\u015fimler i\u00e7in \u00f6l\u00e7eklenebilir ve mod\u00fcler bir temel olu\u015fturacakt\u0131r.  Mobil uygulaman\u0131n tasar\u0131m s\u00fcreci ve di\u011fer ba\u011flamlara nas\u0131l uyarlanabilece\u011fi konusunda ad\u0131m ad\u0131m rehberlik edecek bir bilgi formu da payla\u015f\u0131lacakt\u0131r.\u00a0<\/p><p><b>Senaryolara \u0130li\u015fkin Yol Haritas\u0131<\/b>\u00a0| Nisan 2026<\/p><p>Y\u00fcksek\u00f6\u011fretim kurumlar\u0131na ve ev sahibi \u015fehirlere, bak\u0131m sorumluluklar\u0131 olan Erasmus+ \u00f6\u011frencilerine ve engelli \u00f6\u011frencilere y\u00f6nelik kapsay\u0131c\u0131 bir yakla\u015f\u0131m\u0131n nas\u0131l benimsenece\u011fi konusunda rehberlik etmek \u00fczere haz\u0131rlanm\u0131\u015f, ilham verici ve kan\u0131ta dayal\u0131 tavsiyeler i\u00e7eren pratik bir ara\u00e7 olarak sunulacakt\u0131r.<\/p><p><b>Kapsay\u0131c\u0131l\u0131k Kontrol Listesi<\/b>\u00a0 |\u00a0April 2026<\/p><p>Y\u00fcksek\u00f6\u011fretim kurumlar\u0131 ve ev sahibi \u015fehirler i\u00e7in bir kapsay\u0131c\u0131l\u0131k kontrol listesi sa\u011flamak \u00fczere iki bilgi formu geli\u015ftirilecektir. Bu bilgi formlar\u0131, kilit ad\u0131mlar\u0131n ve \u00f6nemli hususlar\u0131n tutarl\u0131 bir \u015fekilde takip edilmesini sa\u011flayacak ve engelli \u00f6\u011frenciler ile bak\u0131m sorumluluklar\u0131 olan \u00f6\u011frencilerin hareketlilik programlar\u0131na dahil edilmesine y\u00f6nelik etkili bir yakla\u015f\u0131m\u0131 te\u015fvik edecektir.<\/p>\t\t\t\t\t\t\t\t<\/div>\n\t\t\t\t<\/div>\n\t\t\t\t<div class=\"elementor-element elementor-element-7b43dc0 elementor-widget elementor-widget-spacer\" data-id=\"7b43dc0\" data-element_type=\"widget\" data-widget_type=\"spacer.default\">\n\t\t\t\t<div class=\"elementor-widget-container\">\n\t\t\t\t\t\t\t<div class=\"elementor-spacer\">\n\t\t\t<div class=\"elementor-spacer-inner\"><\/div>\n\t\t<\/div>\n\t\t\t\t\t\t<\/div>\n\t\t\t\t<\/div>\n\t\t\t\t<\/div>\n\t\t\t\t\t<\/div>\n\t\t\t\t<\/div>\n\t\t<div class=\"elementor-element elementor-element-ccdcdf1 elementor-hidden-desktop elementor-hidden-tablet elementor-hidden-mobile e-flex e-con-boxed e-con e-parent\" data-id=\"ccdcdf1\" data-element_type=\"container\">\n\t\t\t\t\t<div class=\"e-con-inner\">\n\t\t<div class=\"elementor-element elementor-element-36f8cbf e-con-full e-flex e-con e-child\" data-id=\"36f8cbf\" data-element_type=\"container\">\n\t\t\t\t<div class=\"elementor-element elementor-element-60acd3b elementor-widget elementor-widget-spacer\" data-id=\"60acd3b\" data-element_type=\"widget\" data-widget_type=\"spacer.default\">\n\t\t\t\t<div class=\"elementor-widget-container\">\n\t\t\t\t\t\t\t<div class=\"elementor-spacer\">\n\t\t\t<div class=\"elementor-spacer-inner\"><\/div>\n\t\t<\/div>\n\t\t\t\t\t\t<\/div>\n\t\t\t\t<\/div>\n\t\t\t\t<div class=\"elementor-element elementor-element-78e0ed4 elementor-widget elementor-widget-text-editor\" data-id=\"78e0ed4\" data-element_type=\"widget\" data-widget_type=\"text-editor.default\">\n\t\t\t\t<div class=\"elementor-widget-container\">\n\t\t\t\t\t\t\t\t\t<h2>Application<\/h2>\t\t\t\t\t\t\t\t<\/div>\n\t\t\t\t<\/div>\n\t\t\t\t<div class=\"elementor-element elementor-element-71e0788 elementor-widget elementor-widget-spacer\" data-id=\"71e0788\" data-element_type=\"widget\" data-widget_type=\"spacer.default\">\n\t\t\t\t<div class=\"elementor-widget-container\">\n\t\t\t\t\t\t\t<div class=\"elementor-spacer\">\n\t\t\t<div class=\"elementor-spacer-inner\"><\/div>\n\t\t<\/div>\n\t\t\t\t\t\t<\/div>\n\t\t\t\t<\/div>\n\t\t\t\t<div class=\"elementor-element elementor-element-6142339 elementor-widget elementor-widget-image\" data-id=\"6142339\" data-element_type=\"widget\" data-widget_type=\"image.default\">\n\t\t\t\t<div class=\"elementor-widget-container\">\n\t\t\t\t\t\t\t\t\t\t\t\t\t\t\t<img decoding=\"async\" width=\"325\" height=\"632\" src=\"https:\/\/inclusion.iscte-iul.pt\/wp-content\/uploads\/2024\/07\/iPhone-15-Pro-Black-Titanium-Portrait.png\" class=\"attachment-large size-large wp-image-661\" alt=\"application\" srcset=\"https:\/\/inclusion.iscte-iul.pt\/wp-content\/uploads\/2024\/07\/iPhone-15-Pro-Black-Titanium-Portrait.png 325w, https:\/\/inclusion.iscte-iul.pt\/wp-content\/uploads\/2024\/07\/iPhone-15-Pro-Black-Titanium-Portrait-154x300.png 154w, https:\/\/inclusion.iscte-iul.pt\/wp-content\/uploads\/2024\/07\/iPhone-15-Pro-Black-Titanium-Portrait-6x12.png 6w\" sizes=\"(max-width: 325px) 100vw, 325px\" \/>\t\t\t\t\t\t\t\t\t\t\t\t\t\t\t<\/div>\n\t\t\t\t<\/div>\n\t\t\t\t<\/div>\n\t\t<div class=\"elementor-element elementor-element-0c2be9e e-con-full e-flex e-con e-child\" data-id=\"0c2be9e\" data-element_type=\"container\">\n\t\t\t\t<div class=\"elementor-element elementor-element-71b5964 elementor-widget elementor-widget-image\" data-id=\"71b5964\" data-element_type=\"widget\" data-widget_type=\"image.default\">\n\t\t\t\t<div class=\"elementor-widget-container\">\n\t\t\t\t\t\t\t\t\t\t\t\t\t\t\t<img decoding=\"async\" width=\"122\" height=\"82\" src=\"https:\/\/inclusion.iscte-iul.pt\/wp-content\/uploads\/2024\/07\/Asset-7-1.png\" class=\"attachment-thumbnail size-thumbnail wp-image-660\" alt=\"chevron-right\" srcset=\"https:\/\/inclusion.iscte-iul.pt\/wp-content\/uploads\/2024\/07\/Asset-7-1.png 122w, https:\/\/inclusion.iscte-iul.pt\/wp-content\/uploads\/2024\/07\/Asset-7-1-18x12.png 18w\" sizes=\"(max-width: 122px) 100vw, 122px\" \/>\t\t\t\t\t\t\t\t\t\t\t\t\t\t\t<\/div>\n\t\t\t\t<\/div>\n\t\t\t\t<div class=\"elementor-element elementor-element-dcc923f elementor-widget elementor-widget-text-editor\" data-id=\"dcc923f\" data-element_type=\"widget\" data-widget_type=\"text-editor.default\">\n\t\t\t\t<div class=\"elementor-widget-container\">\n\t\t\t\t\t\t\t\t\t<h3>Lorem ipsum dolor sit amet consectetur. Proin felis amet volutpat est facilisis.<\/h3>\t\t\t\t\t\t\t\t<\/div>\n\t\t\t\t<\/div>\n\t\t\t\t<div class=\"elementor-element elementor-element-f14a635 elementor-widget elementor-widget-button\" data-id=\"f14a635\" data-element_type=\"widget\" data-widget_type=\"button.default\">\n\t\t\t\t<div class=\"elementor-widget-container\">\n\t\t\t\t\t\t\t\t\t<div class=\"elementor-button-wrapper\">\n\t\t\t\t\t<a class=\"elementor-button elementor-button-link elementor-size-sm\" href=\"#\">\n\t\t\t\t\t\t<span class=\"elementor-button-content-wrapper\">\n\t\t\t\t\t\t\t\t\t<span class=\"elementor-button-text\">Click here<\/span>\n\t\t\t\t\t<\/span>\n\t\t\t\t\t<\/a>\n\t\t\t\t<\/div>\n\t\t\t\t\t\t\t\t<\/div>\n\t\t\t\t<\/div>\n\t\t\t\t<\/div>\n\t\t\t\t\t<\/div>\n\t\t\t\t<\/div>\n\t\t<div class=\"elementor-element elementor-element-96bcfd3 e-flex e-con-boxed e-con e-parent\" data-id=\"96bcfd3\" data-element_type=\"container\">\n\t\t\t\t\t<div class=\"e-con-inner\">\n\t\t\t\t<div class=\"elementor-element elementor-element-ce83a4f elementor-widget elementor-widget-spacer\" data-id=\"ce83a4f\" data-element_type=\"widget\" data-widget_type=\"spacer.default\">\n\t\t\t\t<div class=\"elementor-widget-container\">\n\t\t\t\t\t\t\t<div class=\"elementor-spacer\">\n\t\t\t<div class=\"elementor-spacer-inner\"><\/div>\n\t\t<\/div>\n\t\t\t\t\t\t<\/div>\n\t\t\t\t<\/div>\n\t\t\t\t\t<\/div>\n\t\t\t\t<\/div>\n\t\t\t\t<\/div>","protected":false},"excerpt":{"rendered":"<p>Outputs Inclusion+ aims to develop a series of activities involving students, municipal actors, and practitioners in the field of international student mobility to create changing-making tools\u00a0 to be utilized by\u00a0 higher education institutions (HEIs), and host cities to enhance inclusion and diversity within the study abroad experience. All outputs will be available for download on [&hellip;]<\/p>","protected":false},"author":1,"featured_media":0,"parent":0,"menu_order":0,"comment_status":"closed","ping_status":"closed","template":"","meta":{"_monsterinsights_skip_tracking":false,"_monsterinsights_sitenote_active":false,"_monsterinsights_sitenote_note":"","_monsterinsights_sitenote_category":0,"footnotes":""},"class_list":["post-648","page","type-page","status-publish","hentry"],"yoast_head":"<!-- This site is optimized with the Yoast SEO plugin v25.0 - https:\/\/yoast.com\/wordpress\/plugins\/seo\/ -->\n<title>Outputs - Inclusion+<\/title>\n<meta name=\"robots\" content=\"noindex, follow, max-snippet:-1, max-image-preview:large, max-video-preview:-1\" \/>\n<meta property=\"og:locale\" content=\"tr_TR\" \/>\n<meta property=\"og:type\" content=\"article\" \/>\n<meta property=\"og:title\" content=\"Outputs - Inclusion+\" \/>\n<meta property=\"og:description\" content=\"Outputs Inclusion+ aims to develop a series of activities involving students, municipal actors, and practitioners in the field of international student mobility to create changing-making tools\u00a0 to be utilized by\u00a0 higher education institutions (HEIs), and host cities to enhance inclusion and diversity within the study abroad experience. All outputs will be available for download on [&hellip;]\" \/>\n<meta property=\"og:url\" content=\"https:\/\/inclusion.iscte-iul.pt\/tr\/outputs\/\" \/>\n<meta property=\"og:site_name\" content=\"Inclusion+\" \/>\n<meta property=\"article:modified_time\" content=\"2026-02-23T16:58:33+00:00\" \/>\n<meta property=\"og:image\" content=\"https:\/\/inclusion.iscte-iul.pt\/wp-content\/uploads\/2024\/08\/Group-77-1.png\" \/>\n\t<meta property=\"og:image:width\" content=\"626\" \/>\n\t<meta property=\"og:image:height\" content=\"600\" \/>\n\t<meta property=\"og:image:type\" content=\"image\/png\" \/>\n<meta name=\"twitter:card\" content=\"summary_large_image\" \/>\n<meta name=\"twitter:label1\" content=\"Tahmini okuma s\u00fcresi\" \/>\n\t<meta name=\"twitter:data1\" content=\"3 dakika\" \/>\n<script type=\"application\/ld+json\" class=\"yoast-schema-graph\">{\"@context\":\"https:\/\/schema.org\",\"@graph\":[{\"@type\":\"WebPage\",\"@id\":\"https:\/\/inclusion.iscte-iul.pt\/outputs\/\",\"url\":\"https:\/\/inclusion.iscte-iul.pt\/outputs\/\",\"name\":\"Outputs - Inclusion+\",\"isPartOf\":{\"@id\":\"https:\/\/inclusion.iscte-iul.pt\/#website\"},\"primaryImageOfPage\":{\"@id\":\"https:\/\/inclusion.iscte-iul.pt\/outputs\/#primaryimage\"},\"image\":{\"@id\":\"https:\/\/inclusion.iscte-iul.pt\/outputs\/#primaryimage\"},\"thumbnailUrl\":\"https:\/\/inclusion.iscte-iul.pt\/wp-content\/uploads\/2024\/08\/Group-77-1.png\",\"datePublished\":\"2024-07-17T23:12:29+00:00\",\"dateModified\":\"2026-02-23T16:58:33+00:00\",\"breadcrumb\":{\"@id\":\"https:\/\/inclusion.iscte-iul.pt\/outputs\/#breadcrumb\"},\"inLanguage\":\"tr\",\"potentialAction\":[{\"@type\":\"ReadAction\",\"target\":[\"https:\/\/inclusion.iscte-iul.pt\/outputs\/\"]}]},{\"@type\":\"ImageObject\",\"inLanguage\":\"tr\",\"@id\":\"https:\/\/inclusion.iscte-iul.pt\/outputs\/#primaryimage\",\"url\":\"https:\/\/inclusion.iscte-iul.pt\/wp-content\/uploads\/2024\/08\/Group-77-1.png\",\"contentUrl\":\"https:\/\/inclusion.iscte-iul.pt\/wp-content\/uploads\/2024\/08\/Group-77-1.png\"},{\"@type\":\"BreadcrumbList\",\"@id\":\"https:\/\/inclusion.iscte-iul.pt\/outputs\/#breadcrumb\",\"itemListElement\":[{\"@type\":\"ListItem\",\"position\":1,\"name\":\"Home\",\"item\":\"https:\/\/inclusion.iscte-iul.pt\/\"},{\"@type\":\"ListItem\",\"position\":2,\"name\":\"Outputs\"}]},{\"@type\":\"WebSite\",\"@id\":\"https:\/\/inclusion.iscte-iul.pt\/#website\",\"url\":\"https:\/\/inclusion.iscte-iul.pt\/\",\"name\":\"Inclusion+\",\"description\":\"\",\"publisher\":{\"@id\":\"https:\/\/inclusion.iscte-iul.pt\/#organization\"},\"potentialAction\":[{\"@type\":\"SearchAction\",\"target\":{\"@type\":\"EntryPoint\",\"urlTemplate\":\"https:\/\/inclusion.iscte-iul.pt\/?s={search_term_string}\"},\"query-input\":{\"@type\":\"PropertyValueSpecification\",\"valueRequired\":true,\"valueName\":\"search_term_string\"}}],\"inLanguage\":\"tr\"},{\"@type\":\"Organization\",\"@id\":\"https:\/\/inclusion.iscte-iul.pt\/#organization\",\"name\":\"Inclusion+\",\"url\":\"https:\/\/inclusion.iscte-iul.pt\/\",\"logo\":{\"@type\":\"ImageObject\",\"inLanguage\":\"tr\",\"@id\":\"https:\/\/inclusion.iscte-iul.pt\/#\/schema\/logo\/image\/\",\"url\":\"https:\/\/inclusion.iscte-iul.pt\/wp-content\/uploads\/2024\/07\/cropped-Asset-4-1.png\",\"contentUrl\":\"https:\/\/inclusion.iscte-iul.pt\/wp-content\/uploads\/2024\/07\/cropped-Asset-4-1.png\",\"width\":196,\"height\":37,\"caption\":\"Inclusion+\"},\"image\":{\"@id\":\"https:\/\/inclusion.iscte-iul.pt\/#\/schema\/logo\/image\/\"}}]}<\/script>\n<!-- \/ Yoast SEO plugin. -->","yoast_head_json":{"title":"Outputs - Inclusion+","robots":{"index":"noindex","follow":"follow","max-snippet":"max-snippet:-1","max-image-preview":"max-image-preview:large","max-video-preview":"max-video-preview:-1"},"og_locale":"tr_TR","og_type":"article","og_title":"Outputs - Inclusion+","og_description":"Outputs Inclusion+ aims to develop a series of activities involving students, municipal actors, and practitioners in the field of international student mobility to create changing-making tools\u00a0 to be utilized by\u00a0 higher education institutions (HEIs), and host cities to enhance inclusion and diversity within the study abroad experience. All outputs will be available for download on [&hellip;]","og_url":"https:\/\/inclusion.iscte-iul.pt\/tr\/outputs\/","og_site_name":"Inclusion+","article_modified_time":"2026-02-23T16:58:33+00:00","og_image":[{"width":626,"height":600,"url":"https:\/\/inclusion.iscte-iul.pt\/wp-content\/uploads\/2024\/08\/Group-77-1.png","type":"image\/png"}],"twitter_card":"summary_large_image","twitter_misc":{"Tahmini okuma s\u00fcresi":"3 dakika"},"schema":{"@context":"https:\/\/schema.org","@graph":[{"@type":"WebPage","@id":"https:\/\/inclusion.iscte-iul.pt\/outputs\/","url":"https:\/\/inclusion.iscte-iul.pt\/outputs\/","name":"Outputs - Inclusion+","isPartOf":{"@id":"https:\/\/inclusion.iscte-iul.pt\/#website"},"primaryImageOfPage":{"@id":"https:\/\/inclusion.iscte-iul.pt\/outputs\/#primaryimage"},"image":{"@id":"https:\/\/inclusion.iscte-iul.pt\/outputs\/#primaryimage"},"thumbnailUrl":"https:\/\/inclusion.iscte-iul.pt\/wp-content\/uploads\/2024\/08\/Group-77-1.png","datePublished":"2024-07-17T23:12:29+00:00","dateModified":"2026-02-23T16:58:33+00:00","breadcrumb":{"@id":"https:\/\/inclusion.iscte-iul.pt\/outputs\/#breadcrumb"},"inLanguage":"tr","potentialAction":[{"@type":"ReadAction","target":["https:\/\/inclusion.iscte-iul.pt\/outputs\/"]}]},{"@type":"ImageObject","inLanguage":"tr","@id":"https:\/\/inclusion.iscte-iul.pt\/outputs\/#primaryimage","url":"https:\/\/inclusion.iscte-iul.pt\/wp-content\/uploads\/2024\/08\/Group-77-1.png","contentUrl":"https:\/\/inclusion.iscte-iul.pt\/wp-content\/uploads\/2024\/08\/Group-77-1.png"},{"@type":"BreadcrumbList","@id":"https:\/\/inclusion.iscte-iul.pt\/outputs\/#breadcrumb","itemListElement":[{"@type":"ListItem","position":1,"name":"Home","item":"https:\/\/inclusion.iscte-iul.pt\/"},{"@type":"ListItem","position":2,"name":"Outputs"}]},{"@type":"WebSite","@id":"https:\/\/inclusion.iscte-iul.pt\/#website","url":"https:\/\/inclusion.iscte-iul.pt\/","name":"Inclusion+","description":"","publisher":{"@id":"https:\/\/inclusion.iscte-iul.pt\/#organization"},"potentialAction":[{"@type":"SearchAction","target":{"@type":"EntryPoint","urlTemplate":"https:\/\/inclusion.iscte-iul.pt\/?s={search_term_string}"},"query-input":{"@type":"PropertyValueSpecification","valueRequired":true,"valueName":"search_term_string"}}],"inLanguage":"tr"},{"@type":"Organization","@id":"https:\/\/inclusion.iscte-iul.pt\/#organization","name":"Inclusion+","url":"https:\/\/inclusion.iscte-iul.pt\/","logo":{"@type":"ImageObject","inLanguage":"tr","@id":"https:\/\/inclusion.iscte-iul.pt\/#\/schema\/logo\/image\/","url":"https:\/\/inclusion.iscte-iul.pt\/wp-content\/uploads\/2024\/07\/cropped-Asset-4-1.png","contentUrl":"https:\/\/inclusion.iscte-iul.pt\/wp-content\/uploads\/2024\/07\/cropped-Asset-4-1.png","width":196,"height":37,"caption":"Inclusion+"},"image":{"@id":"https:\/\/inclusion.iscte-iul.pt\/#\/schema\/logo\/image\/"}}]}},"_links":{"self":[{"href":"https:\/\/inclusion.iscte-iul.pt\/tr\/wp-json\/wp\/v2\/pages\/648","targetHints":{"allow":["GET"]}}],"collection":[{"href":"https:\/\/inclusion.iscte-iul.pt\/tr\/wp-json\/wp\/v2\/pages"}],"about":[{"href":"https:\/\/inclusion.iscte-iul.pt\/tr\/wp-json\/wp\/v2\/types\/page"}],"author":[{"embeddable":true,"href":"https:\/\/inclusion.iscte-iul.pt\/tr\/wp-json\/wp\/v2\/users\/1"}],"replies":[{"embeddable":true,"href":"https:\/\/inclusion.iscte-iul.pt\/tr\/wp-json\/wp\/v2\/comments?post=648"}],"version-history":[{"count":88,"href":"https:\/\/inclusion.iscte-iul.pt\/tr\/wp-json\/wp\/v2\/pages\/648\/revisions"}],"predecessor-version":[{"id":1295,"href":"https:\/\/inclusion.iscte-iul.pt\/tr\/wp-json\/wp\/v2\/pages\/648\/revisions\/1295"}],"wp:attachment":[{"href":"https:\/\/inclusion.iscte-iul.pt\/tr\/wp-json\/wp\/v2\/media?parent=648"}],"curies":[{"name":"wp","href":"https:\/\/api.w.org\/{rel}","templated":true}]}}