{"id":648,"date":"2024-07-17T23:12:29","date_gmt":"2024-07-17T23:12:29","guid":{"rendered":"https:\/\/inclusion.iscte-iul.pt\/?page_id=648"},"modified":"2026-02-23T16:58:33","modified_gmt":"2026-02-23T16:58:33","slug":"outputs","status":"publish","type":"page","link":"https:\/\/inclusion.iscte-iul.pt\/lt\/outputs\/","title":{"rendered":"Rezultatai"},"content":{"rendered":"<div data-elementor-type=\"wp-page\" data-elementor-id=\"648\" class=\"elementor elementor-648\">\n\t\t\t\t<div class=\"elementor-element elementor-element-ed5dac3 e-flex e-con-boxed e-con e-parent\" data-id=\"ed5dac3\" data-element_type=\"container\">\n\t\t\t\t\t<div class=\"e-con-inner\">\n\t\t<div class=\"elementor-element elementor-element-63e5049 e-con-full e-flex e-con e-child\" data-id=\"63e5049\" data-element_type=\"container\">\n\t\t\t\t<div class=\"elementor-element elementor-element-5fa2d6d elementor-widget elementor-widget-image\" data-id=\"5fa2d6d\" data-element_type=\"widget\" data-widget_type=\"image.default\">\n\t\t\t\t<div class=\"elementor-widget-container\">\n\t\t\t\t\t\t\t\t\t\t\t\t\t\t\t<img fetchpriority=\"high\" decoding=\"async\" width=\"626\" height=\"600\" src=\"https:\/\/inclusion.iscte-iul.pt\/wp-content\/uploads\/2024\/08\/Group-77-1.png\" class=\"attachment-large size-large wp-image-717\" alt=\"outputs\" srcset=\"https:\/\/inclusion.iscte-iul.pt\/wp-content\/uploads\/2024\/08\/Group-77-1.png 626w, https:\/\/inclusion.iscte-iul.pt\/wp-content\/uploads\/2024\/08\/Group-77-1-300x288.png 300w, https:\/\/inclusion.iscte-iul.pt\/wp-content\/uploads\/2024\/08\/Group-77-1-13x12.png 13w\" sizes=\"(max-width: 626px) 100vw, 626px\" \/>\t\t\t\t\t\t\t\t\t\t\t\t\t\t\t<\/div>\n\t\t\t\t<\/div>\n\t\t\t\t<\/div>\n\t\t<div class=\"elementor-element elementor-element-170edbc e-con-full e-flex e-con e-child\" data-id=\"170edbc\" data-element_type=\"container\">\n\t\t\t\t<div class=\"elementor-element elementor-element-836750a elementor-widget elementor-widget-text-editor\" data-id=\"836750a\" data-element_type=\"widget\" data-widget_type=\"text-editor.default\">\n\t\t\t\t<div class=\"elementor-widget-container\">\n\t\t\t\t\t\t\t\t\t<h1><span style=\"white-space-collapse: preserve;\">Rezultatai<\/span><\/h1><p><span style=\"white-space-collapse: preserve;\">\u012e \u201eInclusion+\u201c veiklas bus \u012ftraukiami studentai, miest\u0173 atstovai ir specialistai, dirbantys tarptautinio student\u0173 mobilumo srityje. Planuojamos veiklos pad\u0117s sukurti \u012frankius, kuriuos gal\u0117s naudoti auk\u0161tosios mokyklos ir miestai, kad studijos u\u017esienyje b\u016bt\u0173 labiau prieinamos ir \u012fvairios. Visus projekto rezultatus bus galima rasti \u0161ioje svetain\u0117je.<\/span><\/p>\t\t\t\t\t\t\t\t<\/div>\n\t\t\t\t<\/div>\n\t\t\t\t<\/div>\n\t\t\t\t\t<\/div>\n\t\t\t\t<\/div>\n\t\t<div class=\"elementor-element elementor-element-7ff1968 e-flex e-con-boxed e-con e-parent\" data-id=\"7ff1968\" data-element_type=\"container\">\n\t\t\t\t\t<div class=\"e-con-inner\">\n\t\t\t\t<div class=\"elementor-element elementor-element-75c0fa8 elementor-widget elementor-widget-spacer\" data-id=\"75c0fa8\" data-element_type=\"widget\" data-widget_type=\"spacer.default\">\n\t\t\t\t<div class=\"elementor-widget-container\">\n\t\t\t\t\t\t\t<div class=\"elementor-spacer\">\n\t\t\t<div class=\"elementor-spacer-inner\"><\/div>\n\t\t<\/div>\n\t\t\t\t\t\t<\/div>\n\t\t\t\t<\/div>\n\t\t\t\t<div class=\"elementor-element elementor-element-6e19cef elementor-widget elementor-widget-spacer\" data-id=\"6e19cef\" data-element_type=\"widget\" data-widget_type=\"spacer.default\">\n\t\t\t\t<div class=\"elementor-widget-container\">\n\t\t\t\t\t\t\t<div class=\"elementor-spacer\">\n\t\t\t<div class=\"elementor-spacer-inner\"><\/div>\n\t\t<\/div>\n\t\t\t\t\t\t<\/div>\n\t\t\t\t<\/div>\n\t\t<div class=\"elementor-element elementor-element-9d4d908 e-con-full e-flex e-con e-child\" data-id=\"9d4d908\" data-element_type=\"container\">\n\t\t\t\t<div class=\"elementor-element elementor-element-fe5cc29 elementor-widget elementor-widget-text-editor\" data-id=\"fe5cc29\" data-element_type=\"widget\" data-widget_type=\"text-editor.default\">\n\t\t\t\t<div class=\"elementor-widget-container\">\n\t\t\t\t\t\t\t\t\t<p><strong style=\"color: var( --e-global-color-text ); font-family: var( --e-global-typography-text-font-family ); font-size: var( --e-global-typography-text-font-size ); text-align: var(--text-align);\">Pasakojim\u0173 suvestin\u0117 - ataskaita<\/strong><span style=\"color: var( --e-global-color-text ); font-family: var( --e-global-typography-text-font-family ); font-size: var( --e-global-typography-text-font-size ); font-weight: var( --e-global-typography-text-font-weight ); text-align: var(--text-align);\"> | 2024 m. lapkri\u010dio m\u0117n.<\/span><\/p><p>\u201eKli\u016btys dalyvauti \u201eErasmus+\u201c mobilume: kas \u0161ie studentai ir kokie j\u0173 poreikiai?\u201c<\/p><p>International student mobility often overlooks the nuanced challenges faced by students with caring responsibilities and those with disabilities. Our storytelling report highlights why these students must be given focused attention when shaping inclusive mobility policies and practices. You can access it by clicking <a href=\"\/wp-content\/uploads\/2025\/05\/WP2.StorytellingFinal_D.2.1_compressed.pdf\" target=\"_blank\" rel=\"noopener\">here<\/a>.<\/p><p><strong><span style=\"color: var( --e-global-color-text ); font-family: var( --e-global-typography-text-font-family ); font-size: var( --e-global-typography-text-font-size ); text-align: var(--text-align);\">Ger\u0173j\u0173 praktik\u0173 duomen\u0173 baz\u0117<\/span><\/strong><span style=\"color: var( --e-global-color-text ); font-family: var( --e-global-typography-text-font-family ); font-size: var( --e-global-typography-text-font-size ); font-weight: var( --e-global-typography-text-font-weight ); text-align: var(--text-align);\"> \u00a0| 2024 m. gruod\u017eio m\u0117n.<\/span><\/p><p>While the inclusion of students with caring responsibilities and disabilities in mobility programmes remains limited, some higher education institutions have implemented inspiring practices that show real potential. This inventory showcases innovative, replicable approaches that can guide others in making international mobility more inclusive. You can access it by clicking <a href=\"\/wp-content\/uploads\/2025\/04\/InclusionProject_OnlineInventory.pdf\" target=\"_blank\" rel=\"noopener\">here<\/a>.<\/p><p><b>Bendradarbiavimo dirbtuvi\u0173 organizavimo gair\u0117s<\/b> | 2025 m. gruod\u017eio m\u0117n.<\/p><p>They will serve as a blueprint for running collaborative laboratories (Collabs), incorporating lessons learned during our project and providing detailed instructions on establishing and managing collabs effectively. The guidelines will be designed to be accessible to stakeholders interested in adopting\u00a0 collaborative methods. You can access it by clicking\u00a0<a style=\"background-color: #ffffff;\" href=\"https:\/\/inclusion.iscte-iul.pt\/wp-content\/uploads\/2026\/02\/WP3.MasterCollabGuidelines_D1_compressed.pdf\" target=\"_blank\" rel=\"noopener\">here<\/a>.<\/p><p><b>Master Collaborative Laboratory Synthesis Report<\/b>\u00a0| 2025 m. gruod\u017eio m\u0117n.<\/p><p>It brings together ideas and concrete recommendations from a transnational lab with students, universities, NGOs, and policymakers, focused on making international mobility more inclusive for students with disabilities and caring responsibilities. You can access it by clicking <a href=\"https:\/\/inclusion.iscte-iul.pt\/wp-content\/uploads\/2026\/02\/WP3.MasterCollabSynthersisReport_D2-compressed.pdf\" target=\"_blank\" rel=\"noopener\">here<\/a>.<\/p><p><b>Mobilumo program\u0117l\u0117s prototipas<\/b> \u00a0| 2026 m. kovo m\u0117n.<\/p><p>\u201eInclusion+\u201c mobilumo program\u0117l\u0117s prototipas sukurtas atsi\u017evelgiant \u012f vartotoj\u0173 poreikius ir pad\u0117s tarptautiniams studentams su negalia lengviau orientuotis priiman\u010diuose miestuose. Prototip\u0105 bus galima pritaikyti kituose projektuose, siekiant didesn\u0117s \u201eErasmus+\u201c programos \u012ftraukties. Prototipas bus pateikiamas kartu su instrukcijomis, detalizuojan\u010diomis \u017eingsnius program\u0117l\u0117s k\u016brimui ir pritaikymui kitoms situacijoms.\u00a0<\/p><p><b>Scenarijai<\/b>\u00a0| 2026 m. baland\u017eio m\u0117n.<\/p><p>Praktinis \u012frankis su \u012fkvepian\u010diomis ir tyrimo rezultatais pagr\u012fstomis rekomendacijomis, skirtas pad\u0117ti auk\u0161tosioms mokykloms ir priimantiems miestams pritaikyti \u012ftrauk\u0173 po\u017ei\u016br\u012f \u012f \u201eErasmus+\u201c studentus, turin\u010dius negali\u0105, ir studentus turin\u010dius prie\u017ei\u016bros \u012fsipareigojim\u0173.<\/p><p><b>\u017dingsniai \u012ftraukties link<\/b>\u00a0 |\u00a0April 2026<\/p><p>Parengsime informacinius biuletenius auk\u0161tosioms mokykloms ir priimantiems miestams, kuriuose bus detalizuojami pagrindiniai \u017eingsnius, siekiant didesnio student\u0173 su negalia ir student\u0173 turin\u010di\u0173 prie\u017ei\u016bros \u012fsipareigojim\u0173 \u012fsitraukimo \u012f tarptautin\u012f mobilum\u0105.<\/p>\t\t\t\t\t\t\t\t<\/div>\n\t\t\t\t<\/div>\n\t\t\t\t<div class=\"elementor-element elementor-element-7b43dc0 elementor-widget elementor-widget-spacer\" data-id=\"7b43dc0\" data-element_type=\"widget\" data-widget_type=\"spacer.default\">\n\t\t\t\t<div class=\"elementor-widget-container\">\n\t\t\t\t\t\t\t<div class=\"elementor-spacer\">\n\t\t\t<div class=\"elementor-spacer-inner\"><\/div>\n\t\t<\/div>\n\t\t\t\t\t\t<\/div>\n\t\t\t\t<\/div>\n\t\t\t\t<\/div>\n\t\t\t\t\t<\/div>\n\t\t\t\t<\/div>\n\t\t<div class=\"elementor-element elementor-element-ccdcdf1 elementor-hidden-desktop elementor-hidden-tablet elementor-hidden-mobile e-flex e-con-boxed e-con e-parent\" data-id=\"ccdcdf1\" data-element_type=\"container\">\n\t\t\t\t\t<div class=\"e-con-inner\">\n\t\t<div class=\"elementor-element elementor-element-36f8cbf e-con-full e-flex e-con e-child\" data-id=\"36f8cbf\" data-element_type=\"container\">\n\t\t\t\t<div class=\"elementor-element elementor-element-60acd3b elementor-widget elementor-widget-spacer\" data-id=\"60acd3b\" data-element_type=\"widget\" data-widget_type=\"spacer.default\">\n\t\t\t\t<div class=\"elementor-widget-container\">\n\t\t\t\t\t\t\t<div class=\"elementor-spacer\">\n\t\t\t<div class=\"elementor-spacer-inner\"><\/div>\n\t\t<\/div>\n\t\t\t\t\t\t<\/div>\n\t\t\t\t<\/div>\n\t\t\t\t<div class=\"elementor-element elementor-element-78e0ed4 elementor-widget elementor-widget-text-editor\" data-id=\"78e0ed4\" data-element_type=\"widget\" data-widget_type=\"text-editor.default\">\n\t\t\t\t<div class=\"elementor-widget-container\">\n\t\t\t\t\t\t\t\t\t<h2>Application<\/h2>\t\t\t\t\t\t\t\t<\/div>\n\t\t\t\t<\/div>\n\t\t\t\t<div class=\"elementor-element elementor-element-71e0788 elementor-widget elementor-widget-spacer\" data-id=\"71e0788\" data-element_type=\"widget\" data-widget_type=\"spacer.default\">\n\t\t\t\t<div class=\"elementor-widget-container\">\n\t\t\t\t\t\t\t<div class=\"elementor-spacer\">\n\t\t\t<div class=\"elementor-spacer-inner\"><\/div>\n\t\t<\/div>\n\t\t\t\t\t\t<\/div>\n\t\t\t\t<\/div>\n\t\t\t\t<div class=\"elementor-element elementor-element-6142339 elementor-widget elementor-widget-image\" data-id=\"6142339\" data-element_type=\"widget\" data-widget_type=\"image.default\">\n\t\t\t\t<div class=\"elementor-widget-container\">\n\t\t\t\t\t\t\t\t\t\t\t\t\t\t\t<img decoding=\"async\" width=\"325\" height=\"632\" src=\"https:\/\/inclusion.iscte-iul.pt\/wp-content\/uploads\/2024\/07\/iPhone-15-Pro-Black-Titanium-Portrait.png\" class=\"attachment-large size-large wp-image-661\" alt=\"application\" srcset=\"https:\/\/inclusion.iscte-iul.pt\/wp-content\/uploads\/2024\/07\/iPhone-15-Pro-Black-Titanium-Portrait.png 325w, https:\/\/inclusion.iscte-iul.pt\/wp-content\/uploads\/2024\/07\/iPhone-15-Pro-Black-Titanium-Portrait-154x300.png 154w, https:\/\/inclusion.iscte-iul.pt\/wp-content\/uploads\/2024\/07\/iPhone-15-Pro-Black-Titanium-Portrait-6x12.png 6w\" sizes=\"(max-width: 325px) 100vw, 325px\" \/>\t\t\t\t\t\t\t\t\t\t\t\t\t\t\t<\/div>\n\t\t\t\t<\/div>\n\t\t\t\t<\/div>\n\t\t<div class=\"elementor-element elementor-element-0c2be9e e-con-full e-flex e-con e-child\" data-id=\"0c2be9e\" data-element_type=\"container\">\n\t\t\t\t<div class=\"elementor-element elementor-element-71b5964 elementor-widget elementor-widget-image\" data-id=\"71b5964\" data-element_type=\"widget\" data-widget_type=\"image.default\">\n\t\t\t\t<div class=\"elementor-widget-container\">\n\t\t\t\t\t\t\t\t\t\t\t\t\t\t\t<img decoding=\"async\" width=\"122\" height=\"82\" src=\"https:\/\/inclusion.iscte-iul.pt\/wp-content\/uploads\/2024\/07\/Asset-7-1.png\" class=\"attachment-thumbnail size-thumbnail wp-image-660\" alt=\"chevron-right\" srcset=\"https:\/\/inclusion.iscte-iul.pt\/wp-content\/uploads\/2024\/07\/Asset-7-1.png 122w, https:\/\/inclusion.iscte-iul.pt\/wp-content\/uploads\/2024\/07\/Asset-7-1-18x12.png 18w\" sizes=\"(max-width: 122px) 100vw, 122px\" \/>\t\t\t\t\t\t\t\t\t\t\t\t\t\t\t<\/div>\n\t\t\t\t<\/div>\n\t\t\t\t<div class=\"elementor-element elementor-element-dcc923f elementor-widget elementor-widget-text-editor\" data-id=\"dcc923f\" data-element_type=\"widget\" data-widget_type=\"text-editor.default\">\n\t\t\t\t<div class=\"elementor-widget-container\">\n\t\t\t\t\t\t\t\t\t<h3>Lorem ipsum dolor sit amet consectetur. Proin felis amet volutpat est facilisis.<\/h3>\t\t\t\t\t\t\t\t<\/div>\n\t\t\t\t<\/div>\n\t\t\t\t<div class=\"elementor-element elementor-element-f14a635 elementor-widget elementor-widget-button\" data-id=\"f14a635\" data-element_type=\"widget\" data-widget_type=\"button.default\">\n\t\t\t\t<div class=\"elementor-widget-container\">\n\t\t\t\t\t\t\t\t\t<div class=\"elementor-button-wrapper\">\n\t\t\t\t\t<a class=\"elementor-button elementor-button-link elementor-size-sm\" href=\"#\">\n\t\t\t\t\t\t<span class=\"elementor-button-content-wrapper\">\n\t\t\t\t\t\t\t\t\t<span class=\"elementor-button-text\">Click here<\/span>\n\t\t\t\t\t<\/span>\n\t\t\t\t\t<\/a>\n\t\t\t\t<\/div>\n\t\t\t\t\t\t\t\t<\/div>\n\t\t\t\t<\/div>\n\t\t\t\t<\/div>\n\t\t\t\t\t<\/div>\n\t\t\t\t<\/div>\n\t\t<div class=\"elementor-element elementor-element-96bcfd3 e-flex e-con-boxed e-con e-parent\" data-id=\"96bcfd3\" data-element_type=\"container\">\n\t\t\t\t\t<div class=\"e-con-inner\">\n\t\t\t\t<div class=\"elementor-element elementor-element-ce83a4f elementor-widget elementor-widget-spacer\" data-id=\"ce83a4f\" data-element_type=\"widget\" data-widget_type=\"spacer.default\">\n\t\t\t\t<div class=\"elementor-widget-container\">\n\t\t\t\t\t\t\t<div class=\"elementor-spacer\">\n\t\t\t<div class=\"elementor-spacer-inner\"><\/div>\n\t\t<\/div>\n\t\t\t\t\t\t<\/div>\n\t\t\t\t<\/div>\n\t\t\t\t\t<\/div>\n\t\t\t\t<\/div>\n\t\t\t\t<\/div>","protected":false},"excerpt":{"rendered":"<p>Outputs Inclusion+ aims to develop a series of activities involving students, municipal actors, and practitioners in the field of international student mobility to create changing-making tools\u00a0 to be utilized by\u00a0 higher education institutions (HEIs), and host cities to enhance inclusion and diversity within the study abroad experience. All outputs will be available for download on [&hellip;]<\/p>","protected":false},"author":1,"featured_media":0,"parent":0,"menu_order":0,"comment_status":"closed","ping_status":"closed","template":"","meta":{"_monsterinsights_skip_tracking":false,"_monsterinsights_sitenote_active":false,"_monsterinsights_sitenote_note":"","_monsterinsights_sitenote_category":0,"footnotes":""},"class_list":["post-648","page","type-page","status-publish","hentry"],"yoast_head":"<!-- This site is optimized with the Yoast SEO plugin v25.0 - https:\/\/yoast.com\/wordpress\/plugins\/seo\/ -->\n<title>Outputs - Inclusion+<\/title>\n<meta name=\"robots\" content=\"noindex, follow, max-snippet:-1, max-image-preview:large, max-video-preview:-1\" \/>\n<meta property=\"og:locale\" content=\"lt_LT\" \/>\n<meta property=\"og:type\" content=\"article\" \/>\n<meta property=\"og:title\" content=\"Outputs - Inclusion+\" \/>\n<meta property=\"og:description\" content=\"Outputs Inclusion+ aims to develop a series of activities involving students, municipal actors, and practitioners in the field of international student mobility to create changing-making tools\u00a0 to be utilized by\u00a0 higher education institutions (HEIs), and host cities to enhance inclusion and diversity within the study abroad experience. All outputs will be available for download on [&hellip;]\" \/>\n<meta property=\"og:url\" content=\"https:\/\/inclusion.iscte-iul.pt\/lt\/outputs\/\" \/>\n<meta property=\"og:site_name\" content=\"Inclusion+\" \/>\n<meta property=\"article:modified_time\" content=\"2026-02-23T16:58:33+00:00\" \/>\n<meta property=\"og:image\" content=\"https:\/\/inclusion.iscte-iul.pt\/wp-content\/uploads\/2024\/08\/Group-77-1.png\" \/>\n\t<meta property=\"og:image:width\" content=\"626\" \/>\n\t<meta property=\"og:image:height\" content=\"600\" \/>\n\t<meta property=\"og:image:type\" content=\"image\/png\" \/>\n<meta name=\"twitter:card\" content=\"summary_large_image\" \/>\n<meta name=\"twitter:label1\" content=\"Est. reading time\" \/>\n\t<meta name=\"twitter:data1\" content=\"3 minut\u0117s\" \/>\n<script type=\"application\/ld+json\" class=\"yoast-schema-graph\">{\"@context\":\"https:\/\/schema.org\",\"@graph\":[{\"@type\":\"WebPage\",\"@id\":\"https:\/\/inclusion.iscte-iul.pt\/outputs\/\",\"url\":\"https:\/\/inclusion.iscte-iul.pt\/outputs\/\",\"name\":\"Outputs - Inclusion+\",\"isPartOf\":{\"@id\":\"https:\/\/inclusion.iscte-iul.pt\/#website\"},\"primaryImageOfPage\":{\"@id\":\"https:\/\/inclusion.iscte-iul.pt\/outputs\/#primaryimage\"},\"image\":{\"@id\":\"https:\/\/inclusion.iscte-iul.pt\/outputs\/#primaryimage\"},\"thumbnailUrl\":\"https:\/\/inclusion.iscte-iul.pt\/wp-content\/uploads\/2024\/08\/Group-77-1.png\",\"datePublished\":\"2024-07-17T23:12:29+00:00\",\"dateModified\":\"2026-02-23T16:58:33+00:00\",\"breadcrumb\":{\"@id\":\"https:\/\/inclusion.iscte-iul.pt\/outputs\/#breadcrumb\"},\"inLanguage\":\"lt-LT\",\"potentialAction\":[{\"@type\":\"ReadAction\",\"target\":[\"https:\/\/inclusion.iscte-iul.pt\/outputs\/\"]}]},{\"@type\":\"ImageObject\",\"inLanguage\":\"lt-LT\",\"@id\":\"https:\/\/inclusion.iscte-iul.pt\/outputs\/#primaryimage\",\"url\":\"https:\/\/inclusion.iscte-iul.pt\/wp-content\/uploads\/2024\/08\/Group-77-1.png\",\"contentUrl\":\"https:\/\/inclusion.iscte-iul.pt\/wp-content\/uploads\/2024\/08\/Group-77-1.png\"},{\"@type\":\"BreadcrumbList\",\"@id\":\"https:\/\/inclusion.iscte-iul.pt\/outputs\/#breadcrumb\",\"itemListElement\":[{\"@type\":\"ListItem\",\"position\":1,\"name\":\"Home\",\"item\":\"https:\/\/inclusion.iscte-iul.pt\/\"},{\"@type\":\"ListItem\",\"position\":2,\"name\":\"Outputs\"}]},{\"@type\":\"WebSite\",\"@id\":\"https:\/\/inclusion.iscte-iul.pt\/#website\",\"url\":\"https:\/\/inclusion.iscte-iul.pt\/\",\"name\":\"Inclusion+\",\"description\":\"\",\"publisher\":{\"@id\":\"https:\/\/inclusion.iscte-iul.pt\/#organization\"},\"potentialAction\":[{\"@type\":\"SearchAction\",\"target\":{\"@type\":\"EntryPoint\",\"urlTemplate\":\"https:\/\/inclusion.iscte-iul.pt\/?s={search_term_string}\"},\"query-input\":{\"@type\":\"PropertyValueSpecification\",\"valueRequired\":true,\"valueName\":\"search_term_string\"}}],\"inLanguage\":\"lt-LT\"},{\"@type\":\"Organization\",\"@id\":\"https:\/\/inclusion.iscte-iul.pt\/#organization\",\"name\":\"Inclusion+\",\"url\":\"https:\/\/inclusion.iscte-iul.pt\/\",\"logo\":{\"@type\":\"ImageObject\",\"inLanguage\":\"lt-LT\",\"@id\":\"https:\/\/inclusion.iscte-iul.pt\/#\/schema\/logo\/image\/\",\"url\":\"https:\/\/inclusion.iscte-iul.pt\/wp-content\/uploads\/2024\/07\/cropped-Asset-4-1.png\",\"contentUrl\":\"https:\/\/inclusion.iscte-iul.pt\/wp-content\/uploads\/2024\/07\/cropped-Asset-4-1.png\",\"width\":196,\"height\":37,\"caption\":\"Inclusion+\"},\"image\":{\"@id\":\"https:\/\/inclusion.iscte-iul.pt\/#\/schema\/logo\/image\/\"}}]}<\/script>\n<!-- \/ Yoast SEO plugin. -->","yoast_head_json":{"title":"Outputs - Inclusion+","robots":{"index":"noindex","follow":"follow","max-snippet":"max-snippet:-1","max-image-preview":"max-image-preview:large","max-video-preview":"max-video-preview:-1"},"og_locale":"lt_LT","og_type":"article","og_title":"Outputs - Inclusion+","og_description":"Outputs Inclusion+ aims to develop a series of activities involving students, municipal actors, and practitioners in the field of international student mobility to create changing-making tools\u00a0 to be utilized by\u00a0 higher education institutions (HEIs), and host cities to enhance inclusion and diversity within the study abroad experience. All outputs will be available for download on [&hellip;]","og_url":"https:\/\/inclusion.iscte-iul.pt\/lt\/outputs\/","og_site_name":"Inclusion+","article_modified_time":"2026-02-23T16:58:33+00:00","og_image":[{"width":626,"height":600,"url":"https:\/\/inclusion.iscte-iul.pt\/wp-content\/uploads\/2024\/08\/Group-77-1.png","type":"image\/png"}],"twitter_card":"summary_large_image","twitter_misc":{"Est. reading time":"3 minut\u0117s"},"schema":{"@context":"https:\/\/schema.org","@graph":[{"@type":"WebPage","@id":"https:\/\/inclusion.iscte-iul.pt\/outputs\/","url":"https:\/\/inclusion.iscte-iul.pt\/outputs\/","name":"Outputs - Inclusion+","isPartOf":{"@id":"https:\/\/inclusion.iscte-iul.pt\/#website"},"primaryImageOfPage":{"@id":"https:\/\/inclusion.iscte-iul.pt\/outputs\/#primaryimage"},"image":{"@id":"https:\/\/inclusion.iscte-iul.pt\/outputs\/#primaryimage"},"thumbnailUrl":"https:\/\/inclusion.iscte-iul.pt\/wp-content\/uploads\/2024\/08\/Group-77-1.png","datePublished":"2024-07-17T23:12:29+00:00","dateModified":"2026-02-23T16:58:33+00:00","breadcrumb":{"@id":"https:\/\/inclusion.iscte-iul.pt\/outputs\/#breadcrumb"},"inLanguage":"lt-LT","potentialAction":[{"@type":"ReadAction","target":["https:\/\/inclusion.iscte-iul.pt\/outputs\/"]}]},{"@type":"ImageObject","inLanguage":"lt-LT","@id":"https:\/\/inclusion.iscte-iul.pt\/outputs\/#primaryimage","url":"https:\/\/inclusion.iscte-iul.pt\/wp-content\/uploads\/2024\/08\/Group-77-1.png","contentUrl":"https:\/\/inclusion.iscte-iul.pt\/wp-content\/uploads\/2024\/08\/Group-77-1.png"},{"@type":"BreadcrumbList","@id":"https:\/\/inclusion.iscte-iul.pt\/outputs\/#breadcrumb","itemListElement":[{"@type":"ListItem","position":1,"name":"Home","item":"https:\/\/inclusion.iscte-iul.pt\/"},{"@type":"ListItem","position":2,"name":"Outputs"}]},{"@type":"WebSite","@id":"https:\/\/inclusion.iscte-iul.pt\/#website","url":"https:\/\/inclusion.iscte-iul.pt\/","name":"Inclusion+","description":"","publisher":{"@id":"https:\/\/inclusion.iscte-iul.pt\/#organization"},"potentialAction":[{"@type":"SearchAction","target":{"@type":"EntryPoint","urlTemplate":"https:\/\/inclusion.iscte-iul.pt\/?s={search_term_string}"},"query-input":{"@type":"PropertyValueSpecification","valueRequired":true,"valueName":"search_term_string"}}],"inLanguage":"lt-LT"},{"@type":"Organization","@id":"https:\/\/inclusion.iscte-iul.pt\/#organization","name":"Inclusion+","url":"https:\/\/inclusion.iscte-iul.pt\/","logo":{"@type":"ImageObject","inLanguage":"lt-LT","@id":"https:\/\/inclusion.iscte-iul.pt\/#\/schema\/logo\/image\/","url":"https:\/\/inclusion.iscte-iul.pt\/wp-content\/uploads\/2024\/07\/cropped-Asset-4-1.png","contentUrl":"https:\/\/inclusion.iscte-iul.pt\/wp-content\/uploads\/2024\/07\/cropped-Asset-4-1.png","width":196,"height":37,"caption":"Inclusion+"},"image":{"@id":"https:\/\/inclusion.iscte-iul.pt\/#\/schema\/logo\/image\/"}}]}},"_links":{"self":[{"href":"https:\/\/inclusion.iscte-iul.pt\/lt\/wp-json\/wp\/v2\/pages\/648","targetHints":{"allow":["GET"]}}],"collection":[{"href":"https:\/\/inclusion.iscte-iul.pt\/lt\/wp-json\/wp\/v2\/pages"}],"about":[{"href":"https:\/\/inclusion.iscte-iul.pt\/lt\/wp-json\/wp\/v2\/types\/page"}],"author":[{"embeddable":true,"href":"https:\/\/inclusion.iscte-iul.pt\/lt\/wp-json\/wp\/v2\/users\/1"}],"replies":[{"embeddable":true,"href":"https:\/\/inclusion.iscte-iul.pt\/lt\/wp-json\/wp\/v2\/comments?post=648"}],"version-history":[{"count":88,"href":"https:\/\/inclusion.iscte-iul.pt\/lt\/wp-json\/wp\/v2\/pages\/648\/revisions"}],"predecessor-version":[{"id":1295,"href":"https:\/\/inclusion.iscte-iul.pt\/lt\/wp-json\/wp\/v2\/pages\/648\/revisions\/1295"}],"wp:attachment":[{"href":"https:\/\/inclusion.iscte-iul.pt\/lt\/wp-json\/wp\/v2\/media?parent=648"}],"curies":[{"name":"wp","href":"https:\/\/api.w.org\/{rel}","templated":true}]}}